{"id":90,"date":"2018-09-04T18:58:09","date_gmt":"2018-09-04T16:58:09","guid":{"rendered":"http:\/\/equispirit.de\/?page_id=90"},"modified":"2025-04-19T10:09:27","modified_gmt":"2025-04-19T08:09:27","slug":"osteopathie","status":"publish","type":"page","link":"http:\/\/equispirit.de\/?page_id=90","title":{"rendered":"Osteopathie"},"content":{"rendered":"<ul>\n<li><strong>Faszientherapie &#8211; <\/strong>harmonisieren des alles umh\u00fcllenden und verbindenen Netzwerkes im K\u00f6rper<\/li>\n<li><strong>parietale Osteopathie<\/strong> &#8211; die klassische Behandlung \u00fcber das Muskel Skelett System<\/li>\n<li><strong>cranio-sacrale Osteopathie &#8211; <\/strong>\u00fcber das zentrale Nervensystem werden Traumen und darin gespeicherte Emotionen behandelt<br \/>\n<img loading=\"lazy\" decoding=\"async\" class=\"size-medium wp-image-140 aligncenter\" style=\"background-color: transparent; color: #333333; display: block; font-family: Georgia,&amp;quot; times new roman&amp;quot;,&amp;quot;bitstream charter&amp;quot;,times,serif; font-size: 16px; font-style: normal; font-variant: normal; font-weight: bold; height: 169px; letter-spacing: normal; margin-left: 243px; margin-right: 243px; max-width: 786px; orphans: 2; outline-color: #72777c; outline-style: solid; outline-width: 1px; text-align: left; text-decoration: none; text-indent: 0px; text-transform: none; -webkit-text-stroke-width: 0px; white-space: normal; word-spacing: 0px;\" src=\"http:\/\/equispirit.de\/wp-content\/uploads\/2018\/11\/36434400_1953743814645321_3486243641565904896_n-300x169.jpg\" alt=\"\" width=\"300\" height=\"169\" srcset=\"http:\/\/equispirit.de\/wp-content\/uploads\/2018\/11\/36434400_1953743814645321_3486243641565904896_n-300x169.jpg 300w, http:\/\/equispirit.de\/wp-content\/uploads\/2018\/11\/36434400_1953743814645321_3486243641565904896_n-768x433.jpg 768w, http:\/\/equispirit.de\/wp-content\/uploads\/2018\/11\/36434400_1953743814645321_3486243641565904896_n.jpg 960w\" sizes=\"auto, (max-width: 300px) 100vw, 300px\" \/><\/li>\n<li><strong>viszerale Osteopathie &#8211; <\/strong>Organharmonisierung \u00fcber die H\u00e4nde<\/li>\n<\/ul>\n<ul>\n<li><strong>Dorn-Osteopathie nach Sandra H\u00fcther &#8211; <\/strong>das Dorn-Konzept f\u00fcr Pferde als bew\u00e4hrte Methode Blockaden aus der Bewegung heraus zu l\u00f6sen<\/li>\n<\/ul>\n<p>Neben den Osteopathischen Techniken\u00a0 kommen bei der Behandlung auch Farblicht, W\u00e4rmeanwendung und Elemente der TCM wie Akupressur\/Akupunktur und Meridianlehre zur Anwendung. Desweiteren steht die ganzheitliche Betrachtung immer im Vordergrund.<\/p>\n","protected":false},"excerpt":{"rendered":"<p>Faszientherapie &#8211; harmonisieren des alles umh\u00fcllenden und verbindenen Netzwerkes im K\u00f6rper parietale Osteopathie &#8211; die klassische Behandlung \u00fcber das Muskel Skelett System cranio-sacrale Osteopathie &#8211; \u00fcber das zentrale Nervensystem werden Traumen und darin gespeicherte Emotionen behandelt viszerale Osteopathie &#8211; Organharmonisierung \u00fcber die H\u00e4nde Dorn-Osteopathie nach Sandra H\u00fcther &#8211; das Dorn-Konzept f\u00fcr Pferde als bew\u00e4hrte Methode&hellip;<\/p>\n","protected":false},"author":1,"featured_media":0,"parent":0,"menu_order":0,"comment_status":"closed","ping_status":"closed","template":"","meta":{"footnotes":""},"class_list":["post-90","page","type-page","status-publish","hentry"],"_links":{"self":[{"href":"http:\/\/equispirit.de\/index.php?rest_route=\/wp\/v2\/pages\/90","targetHints":{"allow":["GET"]}}],"collection":[{"href":"http:\/\/equispirit.de\/index.php?rest_route=\/wp\/v2\/pages"}],"about":[{"href":"http:\/\/equispirit.de\/index.php?rest_route=\/wp\/v2\/types\/page"}],"author":[{"embeddable":true,"href":"http:\/\/equispirit.de\/index.php?rest_route=\/wp\/v2\/users\/1"}],"replies":[{"embeddable":true,"href":"http:\/\/equispirit.de\/index.php?rest_route=%2Fwp%2Fv2%2Fcomments&post=90"}],"version-history":[{"count":13,"href":"http:\/\/equispirit.de\/index.php?rest_route=\/wp\/v2\/pages\/90\/revisions"}],"predecessor-version":[{"id":239,"href":"http:\/\/equispirit.de\/index.php?rest_route=\/wp\/v2\/pages\/90\/revisions\/239"}],"wp:attachment":[{"href":"http:\/\/equispirit.de\/index.php?rest_route=%2Fwp%2Fv2%2Fmedia&parent=90"}],"curies":[{"name":"wp","href":"https:\/\/api.w.org\/{rel}","templated":true}]}}