{"id":88,"date":"2018-09-04T18:58:09","date_gmt":"2018-09-04T16:58:09","guid":{"rendered":"http:\/\/equispirit.de\/?page_id=88"},"modified":"2025-11-17T20:59:59","modified_gmt":"2025-11-17T19:59:59","slug":"seminare","status":"publish","type":"page","link":"http:\/\/equispirit.de\/?page_id=88","title":{"rendered":"Seminar-Kalender"},"content":{"rendered":"<p>in Planung f\u00fcr 2026 &#8211; &#8222;Meridiane &#8211; Einstieg in die TCVM&#8220;<\/p>\n<p>in Planung f\u00fcr 2026 &#8211; Praxiskurs &#8222;Faszien und mehr&#8220;\u00a0<\/p>\n<p>in Planung f\u00fcr 2026 &#8211; Vortrag &#8222;Hausapotheke f\u00fcrs Pferd&#8220;<\/p>\n<p>&#8212;&#8212;<\/p>\n<p>Habt Ihr einen Themenwunsch?<br \/>Ich kann individuelle Seminare f\u00fcr Euch erarbeiten. auch gerne deutschlandweit. <a href=\"http:\/\/equispirit.de\/?page_id=9\">Sprecht mich einfach an.<\/a><\/p>\n\n\n<p><\/p>\n","protected":false},"excerpt":{"rendered":"<p>in Planung f\u00fcr 2026 &#8211; &#8222;Meridiane &#8211; Einstieg in die TCVM&#8220; in Planung f\u00fcr 2026 &#8211; Praxiskurs &#8222;Faszien und mehr&#8220;\u00a0 in Planung f\u00fcr 2026 &#8211; Vortrag &#8222;Hausapotheke f\u00fcrs Pferd&#8220; &#8212;&#8212; Habt Ihr einen Themenwunsch?Ich kann individuelle Seminare f\u00fcr Euch erarbeiten. auch gerne deutschlandweit. Sprecht mich einfach an.<\/p>\n","protected":false},"author":1,"featured_media":0,"parent":0,"menu_order":0,"comment_status":"closed","ping_status":"closed","template":"","meta":{"footnotes":""},"class_list":["post-88","page","type-page","status-publish","hentry"],"_links":{"self":[{"href":"http:\/\/equispirit.de\/index.php?rest_route=\/wp\/v2\/pages\/88","targetHints":{"allow":["GET"]}}],"collection":[{"href":"http:\/\/equispirit.de\/index.php?rest_route=\/wp\/v2\/pages"}],"about":[{"href":"http:\/\/equispirit.de\/index.php?rest_route=\/wp\/v2\/types\/page"}],"author":[{"embeddable":true,"href":"http:\/\/equispirit.de\/index.php?rest_route=\/wp\/v2\/users\/1"}],"replies":[{"embeddable":true,"href":"http:\/\/equispirit.de\/index.php?rest_route=%2Fwp%2Fv2%2Fcomments&post=88"}],"version-history":[{"count":10,"href":"http:\/\/equispirit.de\/index.php?rest_route=\/wp\/v2\/pages\/88\/revisions"}],"predecessor-version":[{"id":248,"href":"http:\/\/equispirit.de\/index.php?rest_route=\/wp\/v2\/pages\/88\/revisions\/248"}],"wp:attachment":[{"href":"http:\/\/equispirit.de\/index.php?rest_route=%2Fwp%2Fv2%2Fmedia&parent=88"}],"curies":[{"name":"wp","href":"https:\/\/api.w.org\/{rel}","templated":true}]}}