{"id":17,"date":"2018-09-04T18:36:17","date_gmt":"2018-09-04T16:36:17","guid":{"rendered":"http:\/\/equispirit.de\/?page_id=17"},"modified":"2018-11-21T19:08:31","modified_gmt":"2018-11-21T18:08:31","slug":"akupunktur","status":"publish","type":"page","link":"http:\/\/equispirit.de\/?page_id=17","title":{"rendered":"Akupunktur"},"content":{"rendered":"<p><img loading=\"lazy\" decoding=\"async\" class=\"size-medium wp-image-42 alignright\" src=\"http:\/\/equispirit.de\/wp-content\/uploads\/2018\/08\/29683116_1848883451798025_4237249498153775909_n-e1534706315584-300x225.jpg\" alt=\"\" width=\"300\" height=\"225\" srcset=\"http:\/\/equispirit.de\/wp-content\/uploads\/2018\/08\/29683116_1848883451798025_4237249498153775909_n-e1534706315584-300x225.jpg 300w, http:\/\/equispirit.de\/wp-content\/uploads\/2018\/08\/29683116_1848883451798025_4237249498153775909_n-e1534706315584-120x90.jpg 120w, http:\/\/equispirit.de\/wp-content\/uploads\/2018\/08\/29683116_1848883451798025_4237249498153775909_n-e1534706315584.jpg 720w\" sizes=\"auto, (max-width: 300px) 100vw, 300px\" \/>Die Akupunktur ist ein Teilbereich der Traditionellen Chinesischen Medizin. Mit feinen Nadeln werden Punkte im Meridanverlauf gestochen um bei den unterschiedlichsten Indikationen zu helfen. In den Meridianen fliesst das Qi, welches auch durch Meridianmassage in Fluss gebracht werden kann.<\/p>\n<p>Akupunkturpunkte m\u00fcssen nicht unbedingt gestochen werden, sie k\u00f6nnen auch mit den Fingern gedr\u00fcckt werden (Akupressur) oder mittels Farblicht stimuliert werden. Auch einbringen von W\u00e4rme mittels Moxibustion oder das Kleben von Gitterpflastern ist m\u00f6glich.<br \/>\nIn manchen akuten F\u00e4llen von zB. Hufrehe ist es aber auch hilfreich mit Kan\u00fclen zu stechen um ein Nachbluten zu erreichen. Der gr\u00f6ssere Effekt entsteht dort beim Ansetzen von Blutegeln.<\/p>\n<p>Es gibt unterschiedliche Methoden um Akupunkturpunkte auszuw\u00e4hlen. Am Anfang steht immer eine gr\u00fcndliche Anamnese unter anderem \u00fcber die Diagnostikpunkte wie Alarm- und Zustimmungspunkte, sowie aber auch Sicht- und Palpationsbefund, weitere Untersuchung und die &#8222;Kranken&#8220;geschichte des Patienten. Daran orientiert sich die weitergehende Art und H\u00e4ufigkeit der Behandlung. Dies kann ein Dry Needling (akupunktieren von Trigger-Punkten, die auch oft Akupunkturpunkte sind) sein, aber auch eine Behandelung nach dem ganzheitlichen Konzept der TCM mit dem 5 Elemente Prinzip .<\/p>\n","protected":false},"excerpt":{"rendered":"<p>Die Akupunktur ist ein Teilbereich der Traditionellen Chinesischen Medizin. Mit feinen Nadeln werden Punkte im Meridanverlauf gestochen um bei den unterschiedlichsten Indikationen zu helfen. In den Meridianen fliesst das Qi, welches auch durch Meridianmassage in Fluss gebracht werden kann. Akupunkturpunkte m\u00fcssen nicht unbedingt gestochen werden, sie k\u00f6nnen auch mit den Fingern gedr\u00fcckt werden (Akupressur) oder&hellip;<\/p>\n","protected":false},"author":1,"featured_media":0,"parent":0,"menu_order":0,"comment_status":"closed","ping_status":"closed","template":"","meta":{"footnotes":""},"class_list":["post-17","page","type-page","status-publish","hentry"],"_links":{"self":[{"href":"http:\/\/equispirit.de\/index.php?rest_route=\/wp\/v2\/pages\/17","targetHints":{"allow":["GET"]}}],"collection":[{"href":"http:\/\/equispirit.de\/index.php?rest_route=\/wp\/v2\/pages"}],"about":[{"href":"http:\/\/equispirit.de\/index.php?rest_route=\/wp\/v2\/types\/page"}],"author":[{"embeddable":true,"href":"http:\/\/equispirit.de\/index.php?rest_route=\/wp\/v2\/users\/1"}],"replies":[{"embeddable":true,"href":"http:\/\/equispirit.de\/index.php?rest_route=%2Fwp%2Fv2%2Fcomments&post=17"}],"version-history":[{"count":5,"href":"http:\/\/equispirit.de\/index.php?rest_route=\/wp\/v2\/pages\/17\/revisions"}],"predecessor-version":[{"id":138,"href":"http:\/\/equispirit.de\/index.php?rest_route=\/wp\/v2\/pages\/17\/revisions\/138"}],"wp:attachment":[{"href":"http:\/\/equispirit.de\/index.php?rest_route=%2Fwp%2Fv2%2Fmedia&parent=17"}],"curies":[{"name":"wp","href":"https:\/\/api.w.org\/{rel}","templated":true}]}}