{"id":167,"date":"2021-09-24T14:42:43","date_gmt":"2021-09-24T12:42:43","guid":{"rendered":"http:\/\/equispirit.de\/?page_id=167"},"modified":"2021-09-24T17:03:00","modified_gmt":"2021-09-24T15:03:00","slug":"behandlungsangebot","status":"publish","type":"page","link":"http:\/\/equispirit.de\/?page_id=167","title":{"rendered":"Behandlungsangebot"},"content":{"rendered":"\n<ul class=\"wp-block-list\"><li><strong>Kostenloses Vorgespr\u00e4ch<\/strong><br>zum Kennenlernen und groben Absch\u00e4tzen des Therapieaufwandes<br>Terminvereinbarung unter 01 63-6 91 87 30 (m\u00f6glichst per SMS oder WhatsApp)  oder Email: <a href=\"mailto:iris@equispirit.de\">iris@equispirit.de<\/a><br><br><\/li><li><strong>Individuelles Therapiekonzept<\/strong><br>mit Einsch\u00e4tzung des Therapieaufwandes meinerseits anhand Vorgespr\u00e4ch, Anamnesebogen und etwaiger Befunde wie Blutbilder, R\u00f6ntgenbilder, etc.<br>Dieses beinhaltet bereits m\u00f6gliche Empfehlungen f\u00fcr F\u00fctterung, Training, weiterf\u00fchrende Diagnostik und Behandlungsm\u00f6glichkeiten durch den Pferdebesitzer. <br><br>EUR 40,00 <br>mit schriftlichen Therapieplan (Bearbeitungszeit ca. 1 Woche)<br><br><\/li><li><strong>3-Monate-Betreuung<\/strong> <br>Individuelles Therapiekonzept und 3 Behandlungen vor Ort innerhalb von 3 Monaten mit Betreuung \u00fcber diese Zeit bez\u00fcglich R\u00fcckfragen, Therapieanpassungen, Besprechung zus\u00e4tzlicher Befunde, etc. <br><br>EUR 333,00 <br>mit schriftlichen Therapieplan (bereits vorab erstellter TP wird angerechnet), Ersttermin und 2 Folgetermine inklusive Anfahrt im Einzugsgebiet<br><br>&#8212;&#8212;&#8212;&#8212;&#8212;&#8212;&#8212;&#8212;-<br>Meine Erfahrung hat gezeigt, das es wichtig ist den Heilungsprozess zu begleiten, deswegen machen Einzeltermine in der Regel wenig Sinn.<br>&#8212;&#8212;&#8212;&#8212;&#8212;&#8212;&#8212;&#8212;-<br><br><\/li><li><strong>Einzeltermin<\/strong><br>ausserhalb des Einzugsgebiets und in Ausnahmef\u00e4llen<br><br>EUR 133,00 (+ Anfahrtskosten nach Absprache)<br><\/li><\/ul>\n\n\n\n<p><\/p>\n\n\n\n<p>&#8212;&#8212;&#8212;&#8212;&#8212;&#8212;&#8212;&#8212;&#8212;&#8212;&#8212;&#8212;&#8212;&#8212;&#8212;&#8212;&#8212;&#8212;<br>Tierschutz-, Schulpferde und Hunde auf Anfrage.<br>&#8212;&#8212;&#8212;&#8212;&#8212;&#8212;&#8212;&#8212;&#8212;&#8212;&#8212;&#8212;&#8212;&#8212;&#8212;&#8212;&#8212;&#8212;<br><\/p>\n\n\n\n<p class=\"has-small-font-size\">Alle angegebenen Preise sind Endpreise. Aufgrund des Kleinunternehmerstatus gem. \u00a7 19 UStG erhebe ich keine Umsatzsteuer und weise diese daher auch nicht aus.<\/p>\n\n\n\n<p><\/p>\n","protected":false},"excerpt":{"rendered":"<p>Kostenloses Vorgespr\u00e4chzum Kennenlernen und groben Absch\u00e4tzen des TherapieaufwandesTerminvereinbarung unter 01 63-6 91 87 30 (m\u00f6glichst per SMS oder WhatsApp) oder Email: iris@equispirit.de Individuelles Therapiekonzeptmit Einsch\u00e4tzung des Therapieaufwandes meinerseits anhand Vorgespr\u00e4ch, Anamnesebogen und etwaiger Befunde wie Blutbilder, R\u00f6ntgenbilder, etc.Dieses beinhaltet bereits m\u00f6gliche Empfehlungen f\u00fcr F\u00fctterung, Training, weiterf\u00fchrende Diagnostik und Behandlungsm\u00f6glichkeiten durch den Pferdebesitzer. EUR 40,00 mit&hellip;<\/p>\n","protected":false},"author":1,"featured_media":0,"parent":15,"menu_order":1,"comment_status":"closed","ping_status":"closed","template":"","meta":{"footnotes":""},"class_list":["post-167","page","type-page","status-publish","hentry"],"_links":{"self":[{"href":"http:\/\/equispirit.de\/index.php?rest_route=\/wp\/v2\/pages\/167","targetHints":{"allow":["GET"]}}],"collection":[{"href":"http:\/\/equispirit.de\/index.php?rest_route=\/wp\/v2\/pages"}],"about":[{"href":"http:\/\/equispirit.de\/index.php?rest_route=\/wp\/v2\/types\/page"}],"author":[{"embeddable":true,"href":"http:\/\/equispirit.de\/index.php?rest_route=\/wp\/v2\/users\/1"}],"replies":[{"embeddable":true,"href":"http:\/\/equispirit.de\/index.php?rest_route=%2Fwp%2Fv2%2Fcomments&post=167"}],"version-history":[{"count":8,"href":"http:\/\/equispirit.de\/index.php?rest_route=\/wp\/v2\/pages\/167\/revisions"}],"predecessor-version":[{"id":196,"href":"http:\/\/equispirit.de\/index.php?rest_route=\/wp\/v2\/pages\/167\/revisions\/196"}],"up":[{"embeddable":true,"href":"http:\/\/equispirit.de\/index.php?rest_route=\/wp\/v2\/pages\/15"}],"wp:attachment":[{"href":"http:\/\/equispirit.de\/index.php?rest_route=%2Fwp%2Fv2%2Fmedia&parent=167"}],"curies":[{"name":"wp","href":"https:\/\/api.w.org\/{rel}","templated":true}]}}