{"id":15,"date":"2018-09-04T18:36:17","date_gmt":"2018-09-04T16:36:17","guid":{"rendered":"http:\/\/equispirit.de\/?page_id=15"},"modified":"2025-11-17T20:57:59","modified_gmt":"2025-11-17T19:57:59","slug":"pferdeheilpraxis","status":"publish","type":"page","link":"http:\/\/equispirit.de\/?page_id=15","title":{"rendered":"Pferdeheilpraxis"},"content":{"rendered":"<p>Meine Therapiemethoden:<\/p>\n<ul>\n<li>\n<h4><a href=\"http:\/\/equispirit.de\/?page_id=90\">Osteopathie (fasziale, cranio-sacrale und parientale Techniken)<\/a><\/h4>\n<\/li>\n<li>\n<h4><a href=\"http:\/\/equispirit.de\/?page_id=17\">Akupunktur und Meridianmassage<\/a><\/h4>\n<\/li>\n<li>\n<h4>kinesiologisches Taping und Physiotherapie<\/h4>\n<\/li>\n<li>\n<h4>Farblichttherapie<\/h4>\n<\/li>\n<li>\n<h4>Hom\u00f6opathie<\/h4>\n<\/li>\n<li>\n<h4>Bachbl\u00fcten und Phytotherapie<\/h4>\n<\/li>\n<li>\n<h4>Medizinisch radi\u00e4sthetische Analyse (MRA) und telepathische Tierkommunikation<\/h4>\n<\/li>\n<li>\n<h4>Beratung zu diversen Themen (zB. Beurteilung der Hufsituation, Sattel\/Ausr\u00fcstung, F\u00fctterung, Haltung, Training, Auswertung Blutbild, etc.)<\/h4>\n<\/li>\n<\/ul>\n<h4><\/h4>\n","protected":false},"excerpt":{"rendered":"<p>Meine Therapiemethoden: Osteopathie (fasziale, cranio-sacrale und parientale Techniken) Akupunktur und Meridianmassage kinesiologisches Taping und Physiotherapie Farblichttherapie Hom\u00f6opathie Bachbl\u00fcten und Phytotherapie Medizinisch radi\u00e4sthetische Analyse (MRA) und telepathische Tierkommunikation Beratung zu diversen Themen (zB. Beurteilung der Hufsituation, Sattel\/Ausr\u00fcstung, F\u00fctterung, Haltung, Training, Auswertung Blutbild, etc.)<\/p>\n","protected":false},"author":1,"featured_media":0,"parent":0,"menu_order":0,"comment_status":"closed","ping_status":"closed","template":"","meta":{"footnotes":""},"class_list":["post-15","page","type-page","status-publish","hentry"],"_links":{"self":[{"href":"http:\/\/equispirit.de\/index.php?rest_route=\/wp\/v2\/pages\/15","targetHints":{"allow":["GET"]}}],"collection":[{"href":"http:\/\/equispirit.de\/index.php?rest_route=\/wp\/v2\/pages"}],"about":[{"href":"http:\/\/equispirit.de\/index.php?rest_route=\/wp\/v2\/types\/page"}],"author":[{"embeddable":true,"href":"http:\/\/equispirit.de\/index.php?rest_route=\/wp\/v2\/users\/1"}],"replies":[{"embeddable":true,"href":"http:\/\/equispirit.de\/index.php?rest_route=%2Fwp%2Fv2%2Fcomments&post=15"}],"version-history":[{"count":24,"href":"http:\/\/equispirit.de\/index.php?rest_route=\/wp\/v2\/pages\/15\/revisions"}],"predecessor-version":[{"id":246,"href":"http:\/\/equispirit.de\/index.php?rest_route=\/wp\/v2\/pages\/15\/revisions\/246"}],"wp:attachment":[{"href":"http:\/\/equispirit.de\/index.php?rest_route=%2Fwp%2Fv2%2Fmedia&parent=15"}],"curies":[{"name":"wp","href":"https:\/\/api.w.org\/{rel}","templated":true}]}}